{"id":10656,"date":"2021-06-03T21:07:42","date_gmt":"2021-06-03T18:07:42","guid":{"rendered":"https:\/\/www.1step.eu\/malta-citizenship\/"},"modified":"2026-03-13T12:22:17","modified_gmt":"2026-03-13T10:22:17","slug":"malta-citizenship","status":"publish","type":"page","link":"https:\/\/www.1step.eu\/tr\/malta-citizenship\/","title":{"rendered":"Malta Citizenship"},"content":{"rendered":"\t\t<div data-elementor-type=\"wp-page\" data-elementor-id=\"10656\" class=\"elementor elementor-10656 elementor-7567\" data-elementor-post-type=\"page\">\n\t\t\t\t\t\t<section class=\"elementor-section elementor-top-section elementor-element elementor-element-8e5af86 elementor-section-boxed elementor-section-height-default elementor-section-height-default\" data-id=\"8e5af86\" data-element_type=\"section\" data-settings=\"{&quot;background_background&quot;:&quot;classic&quot;}\">\n\t\t\t\t\t\t<div class=\"elementor-container elementor-column-gap-default\">\n\t\t\t\t\t<div class=\"elementor-column elementor-col-100 elementor-top-column elementor-element elementor-element-d2a3f7c\" data-id=\"d2a3f7c\" data-element_type=\"column\">\n\t\t\t<div class=\"elementor-widget-wrap elementor-element-populated\">\n\t\t\t\t\t\t<div class=\"elementor-element elementor-element-270fa5a elementor-widget elementor-widget-heading\" data-id=\"270fa5a\" data-element_type=\"widget\" data-widget_type=\"heading.default\">\n\t\t\t\t<div class=\"elementor-widget-container\">\n\t\t\t\t\t<h1 class=\"elementor-heading-title elementor-size-default\">UFKUNUZU GEN\u0130\u015eLET\u0130N: BA\u015eARI ODAKLI B\u0130R TOPLULU\u011eA HO\u015e GELD\u0130N\u0130Z!<\/h1>\t\t\t\t<\/div>\n\t\t\t\t<\/div>\n\t\t\t\t<div class=\"elementor-element elementor-element-485ebd5 elementor-widget elementor-widget-heading\" data-id=\"485ebd5\" data-element_type=\"widget\" data-widget_type=\"heading.default\">\n\t\t\t\t<div class=\"elementor-widget-container\">\n\t\t\t\t\t<p class=\"elementor-heading-title elementor-size-default\">\u00d6ZEL VARLI\u011eI Y\u00dcKSEK B\u0130REYLER\u0130N MALTA'DA OTURMA \u0130ZN\u0130 VEYA VATANDA\u015eLIK HAKKI KAZANMASINA YARDIMCI OLUYORUZ.<\/p>\t\t\t\t<\/div>\n\t\t\t\t<\/div>\n\t\t\t\t<div class=\"elementor-element elementor-element-683a044 elementor-widget elementor-widget-heading\" data-id=\"683a044\" data-element_type=\"widget\" data-widget_type=\"heading.default\">\n\t\t\t\t<div class=\"elementor-widget-container\">\n\t\t\t\t\t<p class=\"elementor-heading-title elementor-size-default\">HEDEFLER\u0130N\u0130ZE BA\u011eLI OLARAK DE\u011eERLEND\u0130R\u0130LMES\u0130 GEREKEN \u0130K\u0130 PROGRAM VARDIR. DO\u011eRU B\u0130R SE\u00c7\u0130M YAPMANIZA YARDIMCI OLACA\u011eIZ.<\/p>\t\t\t\t<\/div>\n\t\t\t\t<\/div>\n\t\t\t\t\t<\/div>\n\t\t<\/div>\n\t\t\t\t\t<\/div>\n\t\t<\/section>\n\t\t\t\t<section class=\"elementor-section elementor-top-section elementor-element elementor-element-45cca85 immigration-content-section elementor-section-boxed elementor-section-height-default elementor-section-height-default\" data-id=\"45cca85\" data-element_type=\"section\" data-settings=\"{&quot;background_background&quot;:&quot;gradient&quot;}\">\n\t\t\t\t\t\t<div class=\"elementor-container elementor-column-gap-default\">\n\t\t\t\t\t<div class=\"elementor-column elementor-col-50 elementor-top-column elementor-element elementor-element-6b94335\" data-id=\"6b94335\" data-element_type=\"column\" data-settings=\"{&quot;animation&quot;:&quot;none&quot;}\">\n\t\t\t<div class=\"elementor-widget-wrap elementor-element-populated\">\n\t\t\t\t\t\t<div class=\"elementor-element elementor-element-11074d2 elementor-widget elementor-widget-heading\" data-id=\"11074d2\" data-element_type=\"widget\" data-widget_type=\"heading.default\">\n\t\t\t\t<div class=\"elementor-widget-container\">\n\t\t\t\t\t<h2 class=\"elementor-heading-title elementor-size-default\">Vergi Mukimli\u011fi<\/h2>\t\t\t\t<\/div>\n\t\t\t\t<\/div>\n\t\t\t\t<div class=\"elementor-element elementor-element-34e0949 elementor-widget elementor-widget-heading\" data-id=\"34e0949\" data-element_type=\"widget\" data-widget_type=\"heading.default\">\n\t\t\t\t<div class=\"elementor-widget-container\">\n\t\t\t\t\t<p class=\"elementor-heading-title elementor-size-default\">MALTA GLOBAL \u0130KAMET \u0130ZN\u0130 PROGRAMI Bu program hem AB hem de AB \u00fcyesi olmayan vatanda\u015flara y\u00f6neliktir. AB \u00fcyesi olmayan vatanda\u015flara vizesiz seyahat hakk\u0131 tan\u0131maz. Bu program kapsam\u0131nda Malta'da Vergi Mukimi oldu\u011funuzda, Malta'da edindi\u011finiz gelir \u00fczerinden (hangisi daha y\u00fcksekse) y\u0131lda 15.000 Euro veya %15 oran\u0131nda minimum vergi \u00f6demeniz gerekmektedir.<\/p>\t\t\t\t<\/div>\n\t\t\t\t<\/div>\n\t\t\t\t<div class=\"elementor-element elementor-element-7ab8f8e elementor-widget elementor-widget-heading\" data-id=\"7ab8f8e\" data-element_type=\"widget\" data-widget_type=\"heading.default\">\n\t\t\t\t<div class=\"elementor-widget-container\">\n\t\t\t\t\t<p class=\"elementor-heading-title elementor-size-default\"><a href=\"https:\/\/www.1step.eu\/tr\/malta-global-residence-programme\/\">Malta K\u00fcresel \u0130kamet Program\u0131 hakk\u0131nda daha fazla bilgi edinin.<\/a><\/p>\t\t\t\t<\/div>\n\t\t\t\t<\/div>\n\t\t\t\t\t<\/div>\n\t\t<\/div>\n\t\t\t\t<div class=\"elementor-column elementor-col-50 elementor-top-column elementor-element elementor-element-e8facd7\" data-id=\"e8facd7\" data-element_type=\"column\" data-settings=\"{&quot;background_background&quot;:&quot;classic&quot;,&quot;animation&quot;:&quot;none&quot;}\">\n\t\t\t<div class=\"elementor-widget-wrap elementor-element-populated\">\n\t\t\t\t\t\t<div class=\"elementor-element elementor-element-dc72eb2 elementor-invisible elementor-widget elementor-widget-heading\" data-id=\"dc72eb2\" data-element_type=\"widget\" data-settings=\"{&quot;_animation&quot;:&quot;fadeInRight&quot;}\" data-widget_type=\"heading.default\">\n\t\t\t\t<div class=\"elementor-widget-container\">\n\t\t\t\t\t<h3 class=\"elementor-heading-title elementor-size-default\">Bu program, ki\u015fisel gelir \u00fczerinden y\u00fcksek vergi oran\u0131 olan AB \u00fcyesi olmayan veya y\u00fcksek vergi oran\u0131 uygulayan AB \u00fclkelerinden olan bireyler i\u00e7in uygundur.<\/h3>\t\t\t\t<\/div>\n\t\t\t\t<\/div>\n\t\t\t\t\t<\/div>\n\t\t<\/div>\n\t\t\t\t\t<\/div>\n\t\t<\/section>\n\t\t\t\t<\/div>\n\t\t","protected":false},"excerpt":{"rendered":"<p>UFKUNUZU GEN\u0130\u015eLET\u0130N: BA\u015eARI ODAKLI B\u0130R TOPLULU\u011eA HO\u015e GELD\u0130N\u0130Z! \u00d6ZEL VARLI\u011eI Y\u00dcKSEK B\u0130REYLER\u0130N MALTA&#8217;DA OTURMA \u0130ZN\u0130 VEYA VATANDA\u015eLIK HAKKI KAZANMASINA YARDIMCI OLUYORUZ. HEDEFLER\u0130N\u0130ZE BA\u011eLI OLARAK DE\u011eERLEND\u0130R\u0130LMES\u0130 GEREKEN \u0130K\u0130 PROGRAM VARDIR. DO\u011eRU B\u0130R SE\u00c7\u0130M YAPMANIZA YARDIMCI OLACA\u011eIZ. Do\u011frudan Yat\u0131r\u0131m ile Malta Vatanda\u015fl\u0131\u011f\u0131 T\u00fcm ba\u015fvuru sahiplerine (as\u0131l ba\u015fvuru sahibi ve bakmakla y\u00fck\u00fcml\u00fc oldu\u011fu ki\u015filere) Malta pasaportu verir. Ailenizin [&hellip;]<\/p>\n","protected":false},"author":6,"featured_media":0,"parent":0,"menu_order":0,"comment_status":"closed","ping_status":"closed","template":"elementor_header_footer","meta":{"_acf_changed":false,"footnotes":""},"class_list":["post-10656","page","type-page","status-publish","hentry"],"acf":[],"yoast_head":"<!-- This site is optimized with the Yoast SEO plugin v26.8 - https:\/\/yoast.com\/product\/yoast-seo-wordpress\/ -->\n<title>Malta Citizenship - 1st Step Solution<\/title>\n<meta name=\"robots\" content=\"index, follow, max-snippet:-1, max-image-preview:large, max-video-preview:-1\" \/>\n<link rel=\"canonical\" href=\"https:\/\/www.1step.eu\/malta-citizenship\/\" \/>\n<meta property=\"og:locale\" content=\"tr_TR\" \/>\n<meta property=\"og:type\" content=\"article\" \/>\n<meta property=\"og:title\" content=\"Malta Citizenship - 1st Step Solution\" \/>\n<meta property=\"og:description\" content=\"UFKUNUZU GEN\u0130\u015eLET\u0130N: BA\u015eARI ODAKLI B\u0130R TOPLULU\u011eA HO\u015e GELD\u0130N\u0130Z! \u00d6ZEL VARLI\u011eI Y\u00dcKSEK B\u0130REYLER\u0130N MALTA&#8217;DA OTURMA \u0130ZN\u0130 VEYA VATANDA\u015eLIK HAKKI KAZANMASINA YARDIMCI OLUYORUZ. HEDEFLER\u0130N\u0130ZE BA\u011eLI OLARAK DE\u011eERLEND\u0130R\u0130LMES\u0130 GEREKEN \u0130K\u0130 PROGRAM VARDIR. DO\u011eRU B\u0130R SE\u00c7\u0130M YAPMANIZA YARDIMCI OLACA\u011eIZ. Do\u011frudan Yat\u0131r\u0131m ile Malta Vatanda\u015fl\u0131\u011f\u0131 T\u00fcm ba\u015fvuru sahiplerine (as\u0131l ba\u015fvuru sahibi ve bakmakla y\u00fck\u00fcml\u00fc oldu\u011fu ki\u015filere) Malta pasaportu verir. Ailenizin [&hellip;]\" \/>\n<meta property=\"og:url\" content=\"https:\/\/www.1step.eu\/malta-citizenship\/\" \/>\n<meta property=\"og:site_name\" content=\"1st Step Solution\" \/>\n<meta property=\"article:publisher\" content=\"https:\/\/www.facebook.com\/1step.eu\" \/>\n<meta property=\"article:modified_time\" content=\"2026-03-13T10:22:17+00:00\" \/>\n<meta property=\"og:image\" content=\"https:\/\/www.1step.eu\/wp-content\/uploads\/2020\/11\/1step-social-thumb.jpg\" \/>\n\t<meta property=\"og:image:width\" content=\"1289\" \/>\n\t<meta property=\"og:image:height\" content=\"978\" \/>\n\t<meta property=\"og:image:type\" content=\"image\/jpeg\" \/>\n<meta name=\"twitter:card\" content=\"summary_large_image\" \/>\n<meta name=\"twitter:label1\" content=\"Est. reading time\" \/>\n\t<meta name=\"twitter:data1\" content=\"2 minutes\" \/>\n<script type=\"application\/ld+json\" class=\"yoast-schema-graph\">{\"@context\":\"https:\/\/schema.org\",\"@graph\":[{\"@type\":\"WebPage\",\"@id\":\"https:\/\/www.1step.eu\/malta-citizenship\/\",\"url\":\"https:\/\/www.1step.eu\/malta-citizenship\/\",\"name\":\"Malta Citizenship - 1st Step Solution\",\"isPartOf\":{\"@id\":\"https:\/\/www.1step.eu\/ru\/#website\"},\"datePublished\":\"2021-06-03T18:07:42+00:00\",\"dateModified\":\"2026-03-13T10:22:17+00:00\",\"breadcrumb\":{\"@id\":\"https:\/\/www.1step.eu\/malta-citizenship\/#breadcrumb\"},\"inLanguage\":\"tr-TR\",\"potentialAction\":[{\"@type\":\"ReadAction\",\"target\":[\"https:\/\/www.1step.eu\/malta-citizenship\/\"]}]},{\"@type\":\"BreadcrumbList\",\"@id\":\"https:\/\/www.1step.eu\/malta-citizenship\/#breadcrumb\",\"itemListElement\":[{\"@type\":\"ListItem\",\"position\":1,\"name\":\"Home\",\"item\":\"https:\/\/www.1step.eu\/tr\/\"},{\"@type\":\"ListItem\",\"position\":2,\"name\":\"Malta Citizenship\"}]},{\"@type\":\"WebSite\",\"@id\":\"https:\/\/www.1step.eu\/ru\/#website\",\"url\":\"https:\/\/www.1step.eu\/ru\/\",\"name\":\"1st Step Solution\",\"description\":\"\",\"potentialAction\":[{\"@type\":\"SearchAction\",\"target\":{\"@type\":\"EntryPoint\",\"urlTemplate\":\"https:\/\/www.1step.eu\/ru\/?s={search_term_string}\"},\"query-input\":{\"@type\":\"PropertyValueSpecification\",\"valueRequired\":true,\"valueName\":\"search_term_string\"}}],\"inLanguage\":\"tr-TR\"}]}<\/script>\n<!-- \/ Yoast SEO plugin. -->","yoast_head_json":{"title":"Malta Citizenship - 1st Step Solution","robots":{"index":"index","follow":"follow","max-snippet":"max-snippet:-1","max-image-preview":"max-image-preview:large","max-video-preview":"max-video-preview:-1"},"canonical":"https:\/\/www.1step.eu\/malta-citizenship\/","og_locale":"tr_TR","og_type":"article","og_title":"Malta Citizenship - 1st Step Solution","og_description":"UFKUNUZU GEN\u0130\u015eLET\u0130N: BA\u015eARI ODAKLI B\u0130R TOPLULU\u011eA HO\u015e GELD\u0130N\u0130Z! \u00d6ZEL VARLI\u011eI Y\u00dcKSEK B\u0130REYLER\u0130N MALTA&#8217;DA OTURMA \u0130ZN\u0130 VEYA VATANDA\u015eLIK HAKKI KAZANMASINA YARDIMCI OLUYORUZ. HEDEFLER\u0130N\u0130ZE BA\u011eLI OLARAK DE\u011eERLEND\u0130R\u0130LMES\u0130 GEREKEN \u0130K\u0130 PROGRAM VARDIR. DO\u011eRU B\u0130R SE\u00c7\u0130M YAPMANIZA YARDIMCI OLACA\u011eIZ. Do\u011frudan Yat\u0131r\u0131m ile Malta Vatanda\u015fl\u0131\u011f\u0131 T\u00fcm ba\u015fvuru sahiplerine (as\u0131l ba\u015fvuru sahibi ve bakmakla y\u00fck\u00fcml\u00fc oldu\u011fu ki\u015filere) Malta pasaportu verir. Ailenizin [&hellip;]","og_url":"https:\/\/www.1step.eu\/malta-citizenship\/","og_site_name":"1st Step Solution","article_publisher":"https:\/\/www.facebook.com\/1step.eu","article_modified_time":"2026-03-13T10:22:17+00:00","og_image":[{"width":1289,"height":978,"url":"https:\/\/www.1step.eu\/wp-content\/uploads\/2020\/11\/1step-social-thumb.jpg","type":"image\/jpeg"}],"twitter_card":"summary_large_image","twitter_misc":{"Est. reading time":"2 minutes"},"schema":{"@context":"https:\/\/schema.org","@graph":[{"@type":"WebPage","@id":"https:\/\/www.1step.eu\/malta-citizenship\/","url":"https:\/\/www.1step.eu\/malta-citizenship\/","name":"Malta Citizenship - 1st Step Solution","isPartOf":{"@id":"https:\/\/www.1step.eu\/ru\/#website"},"datePublished":"2021-06-03T18:07:42+00:00","dateModified":"2026-03-13T10:22:17+00:00","breadcrumb":{"@id":"https:\/\/www.1step.eu\/malta-citizenship\/#breadcrumb"},"inLanguage":"tr-TR","potentialAction":[{"@type":"ReadAction","target":["https:\/\/www.1step.eu\/malta-citizenship\/"]}]},{"@type":"BreadcrumbList","@id":"https:\/\/www.1step.eu\/malta-citizenship\/#breadcrumb","itemListElement":[{"@type":"ListItem","position":1,"name":"Home","item":"https:\/\/www.1step.eu\/tr\/"},{"@type":"ListItem","position":2,"name":"Malta Citizenship"}]},{"@type":"WebSite","@id":"https:\/\/www.1step.eu\/ru\/#website","url":"https:\/\/www.1step.eu\/ru\/","name":"1st Step Solution","description":"","potentialAction":[{"@type":"SearchAction","target":{"@type":"EntryPoint","urlTemplate":"https:\/\/www.1step.eu\/ru\/?s={search_term_string}"},"query-input":{"@type":"PropertyValueSpecification","valueRequired":true,"valueName":"search_term_string"}}],"inLanguage":"tr-TR"}]}},"_links":{"self":[{"href":"https:\/\/www.1step.eu\/tr\/wp-json\/wp\/v2\/pages\/10656","targetHints":{"allow":["GET"]}}],"collection":[{"href":"https:\/\/www.1step.eu\/tr\/wp-json\/wp\/v2\/pages"}],"about":[{"href":"https:\/\/www.1step.eu\/tr\/wp-json\/wp\/v2\/types\/page"}],"author":[{"embeddable":true,"href":"https:\/\/www.1step.eu\/tr\/wp-json\/wp\/v2\/users\/6"}],"replies":[{"embeddable":true,"href":"https:\/\/www.1step.eu\/tr\/wp-json\/wp\/v2\/comments?post=10656"}],"version-history":[{"count":0,"href":"https:\/\/www.1step.eu\/tr\/wp-json\/wp\/v2\/pages\/10656\/revisions"}],"wp:attachment":[{"href":"https:\/\/www.1step.eu\/tr\/wp-json\/wp\/v2\/media?parent=10656"}],"curies":[{"name":"wp","href":"https:\/\/api.w.org\/{rel}","templated":true}]}}